{"id":8,"date":"2025-11-03T09:23:37","date_gmt":"2025-11-03T09:23:37","guid":{"rendered":"http:\/\/fsaktkh.cluster100.hosting.ovh.net\/?page_id=8"},"modified":"2025-11-15T15:39:18","modified_gmt":"2025-11-15T15:39:18","slug":"qui-suis-je","status":"publish","type":"page","link":"https:\/\/www.equic-ethologie.fr\/index.php\/qui-suis-je\/","title":{"rendered":"Qui suis-je ?"},"content":{"rendered":"<div data-colibri-id=\"8-c1\" class=\"style-369 style-local-8-c1 position-relative\">\n  <!---->\n  <div data-colibri-component=\"section\" data-colibri-id=\"8-c6\" id=\"about\" class=\"h-section h-section-global-spacing d-flex align-items-lg-center align-items-md-center align-items-center style-374 style-local-8-c6 position-relative\">\n    <!---->\n    <!---->\n    <div class=\"h-section-grid-container h-section-boxed-container\">\n      <!---->\n      <div data-colibri-id=\"8-c7\" class=\"h-row-container gutters-row-lg-2 gutters-row-md-2 gutters-row-2 gutters-row-v-lg-2 gutters-row-v-md-2 gutters-row-v-2 style-375 style-local-8-c7 position-relative\">\n        <!---->\n        <div class=\"h-row justify-content-lg-center justify-content-md-center justify-content-center align-items-lg-stretch align-items-md-stretch align-items-stretch gutters-col-lg-2 gutters-col-md-2 gutters-col-2 gutters-col-v-lg-2 gutters-col-v-md-2 gutters-col-v-2\">\n          <!---->\n          <div class=\"h-column h-column-container d-flex h-col-lg-auto h-col-md-auto h-col-auto style-376-outer style-local-8-c8-outer\">\n            <div data-colibri-id=\"8-c8\" class=\"d-flex h-flex-basis h-column__inner h-px-lg-2 h-px-md-2 h-px-2 v-inner-lg-2 v-inner-md-2 v-inner-2 style-376 style-local-8-c8 position-relative\">\n              <!---->\n              <!---->\n              <div class=\"w-100 h-y-container h-column__content h-column__v-align flex-basis-100 align-self-lg-center align-self-md-center align-self-center\">\n                <!---->\n                <div data-colibri-id=\"8-c11\" class=\"h-lead h-text h-text-component style-379 style-local-8-c11 position-relative h-element\">\n                  <!---->\n                  <!---->\n                  <div class=\"\">\n                    <p>Moi c&rsquo;est Camille Courtin, comme beaucoup je commence l&rsquo;\u00e9quitation petite fille, en centre \u00e9questre, \u00e0 la recherche de grosses peluches \u00e0 c\u00e2liner! Toute mon enfance et mon adolescence sont rythm\u00e9es par les cours d&rsquo;\u00e9quitation, je d\u00e9couvre\n                      les joies de passer du temps avec cet animal merveilleux, je passe mes mercredi et samedi au club, je prend go\u00fbt \u00e0 l&rsquo;effort et la rigueur de l&rsquo;enseignement de mon moniteur.\n                      <br>\n                      <br>Je met tout de c\u00f4t\u00e9 quelques ann\u00e9es le temps de mes \u00e9tudes, jusqu&rsquo;au jour o\u00f9 rien ne va plus, la fac ce n&rsquo;est pas pour moi, je me lance le paris fou de revenir \u00e0 mes premiers amours: je serais enseignante d&rsquo;\u00e9quitation.&nbsp;\n                      <br>\n                      <br>Apr\u00e8s une remise \u00e0 cheval intensive, j&rsquo;entre en formation au CFPPA&nbsp;de Marvejols pour passer les tests d&rsquo;entr\u00e9e du BPJEPS. Je fais pour ainsi dire partie de la queue de peloton, j&rsquo;arrive avec un niveau \u00e0 cheval tout&nbsp;juste\n                      correct, et suis la seule de ma promo \u00e0 ne pas \u00eatre issue d&rsquo;une fili\u00e8re agricole. Pour autant je progresse vite, et en m&rsquo;accrochant (\u00e0 coups de 24h\/semaine en selle) j&rsquo;arrive \u00e0 valider mes tests de CEP3 et rentre en formation. L\u00e0\n                      on est en 2020, une partie de ma formation doit se passer en distanciel \u00e0 cause du covid, c&rsquo;est dur mais gr\u00e2ce \u00e0 l&rsquo;implication de notre responsable de formation Laure Bastien, on tient le coup! A la fin de l&rsquo;ann\u00e9e je suis la seule\n                      de ma promo \u00e0 valider tous les UC d\u00e8s la premi\u00e8re session (oui petite fiert\u00e9)&nbsp;&#8230; Je suis monitrice \u00e7a y est&#8230;&nbsp;\n                      <br>\n                      <br>Mais \u00e7a ne suffit pas: ce que je ne vous ai pas dit c&rsquo;est que Laure est loin d&rsquo;\u00eatre une formatrice des plus classiques. Elle est instructrice d&rsquo;\u00e9quitation \u00e9thologique, et tout au long de notre formation elle nous \u00e0 diss\u00e9min\u00e9 ici\n                      et l\u00e0 son approche du cheval, nous amenant \u00e0 remettre en question certains points de l&rsquo;\u00e9quitation classique, et de la formation de la nouvelle g\u00e9n\u00e9ration de cavaliers. Il fallait que j&rsquo;en apprenne plus, et c&rsquo;est ainsi que l&rsquo;ann\u00e9e\n                      qui suit j\u2019entreprends chez Laure la formation BFEEE1 en parall\u00e8le de mon activit\u00e9 de monitrice en centre \u00e9questre .\n                      <br>\n                      <br>Au contact de Laure je d\u00e9veloppe une nouvelle approche du cheval, une gestion nouvelle de mon corps, de mes \u00e9motions et d\u00e9couvre ce qu&rsquo;est vraiment le partenariat entre l&rsquo;Homme et le cheval. Progressivement ma conception de l&rsquo;\u00e9quitation\n                      devient incompatible avec l&rsquo;enseignement en centre \u00e9questre, je ne m&rsquo;y retrouve pas. J&rsquo;ai besoin de pouvoir individualiser mon approche, de cr\u00e9er un lien avec mes \u00e9l\u00e8ves et leurs chevaux autour d&rsquo;une recherche commune d&rsquo;harmonie\n                      et de respect. L&rsquo;obtention de mon dipl\u00f4me se coordonne avec ma prise d&rsquo;ind\u00e9pendance, je quitte le club et me lance exclusivement en freelance.\n                      <br>Dans la foul\u00e9e j&rsquo;enchaine avec le BFEEE2, toujours avec Laure, et continue de d\u00e9velopper mon activit\u00e9 pour accompagner au mieux un maximum de couple vers une relation harmonieuse et saine.\n                      <br>\n                      <br>\n                    <\/p>\n                  <\/div>\n                <\/div>\n              <\/div>\n            <\/div>\n          <\/div>\n          <div class=\"h-column h-column-container d-flex h-col-lg-auto h-col-md-auto h-col-auto style-382-outer style-local-8-c14-outer\">\n            <div data-colibri-id=\"8-c14\" class=\"d-flex h-flex-basis h-column__inner h-px-lg-2 h-px-md-2 h-px-2 v-inner-lg-2 v-inner-md-2 v-inner-2 style-382 style-local-8-c14 position-relative\">\n              <!---->\n              <!---->\n              <div class=\"w-100 h-y-container h-column__content h-column__v-align flex-basis-100 align-self-lg-center align-self-md-center align-self-center\">\n                <!---->\n                <div data-colibri-id=\"8-c15\" class=\"d-block style-383 style-local-8-c15 position-relative h-element\">\n                  <!---->\n                  <div class=\"h-image__frame-container-outer\">\n                    <div class=\"h-image__frame-container\">\n                      <!---->\n                      <!---->\n                      <img loading=\"lazy\" decoding=\"async\" width=\"900\" height=\"1600\" src=\"http:\/\/fsaktkh.cluster100.hosting.ovh.net\/wp-content\/uploads\/2025\/11\/1724421249974.jpeg\" class=\"wp-image-89 style-383-image style-local-8-c15-image\" alt=\"\" srcset=\"https:\/\/www.equic-ethologie.fr\/wp-content\/uploads\/2025\/11\/1724421249974.jpeg 900w, https:\/\/www.equic-ethologie.fr\/wp-content\/uploads\/2025\/11\/1724421249974-169x300.jpeg 169w, https:\/\/www.equic-ethologie.fr\/wp-content\/uploads\/2025\/11\/1724421249974-576x1024.jpeg 576w, https:\/\/www.equic-ethologie.fr\/wp-content\/uploads\/2025\/11\/1724421249974-768x1365.jpeg 768w, https:\/\/www.equic-ethologie.fr\/wp-content\/uploads\/2025\/11\/1724421249974-864x1536.jpeg 864w\" sizes=\"auto, (max-width: 900px) 100vw, 900px\" \/>\n                      <div class=\"h-image__frame h-hide-sm style-383-frameImage style-local-8-c15-frameImage\"><\/div>\n                    <\/div>\n                  <\/div>\n                <\/div>\n              <\/div>\n            <\/div>\n          <\/div>\n        <\/div>\n      <\/div>\n      <div data-colibri-id=\"8-c16\" class=\"h-row-container gutters-row-lg-2 gutters-row-md-2 gutters-row-0 gutters-row-v-lg-2 gutters-row-v-md-2 gutters-row-v-2 style-384 style-local-8-c16 position-relative\">\n        <!---->\n        <div class=\"h-row justify-content-lg-center justify-content-md-center justify-content-center align-items-lg-stretch align-items-md-stretch align-items-stretch gutters-col-lg-2 gutters-col-md-2 gutters-col-0 gutters-col-v-lg-2 gutters-col-v-md-2 gutters-col-v-2\">\n          <!---->\n          <div class=\"h-column h-column-container d-flex h-col-lg-auto h-col-md-auto h-col-auto style-385-outer style-local-8-c17-outer\">\n            <div data-colibri-id=\"8-c17\" class=\"d-flex h-flex-basis h-column__inner h-px-lg-2 h-px-md-2 h-px-2 v-inner-lg-2 v-inner-md-2 v-inner-2 style-385 style-local-8-c17 position-relative\">\n              <!---->\n              <!---->\n              <div class=\"w-100 h-y-container h-column__content h-column__v-align flex-basis-100 align-self-lg-start align-self-md-start align-self-start\">\n                <!---->\n                <div data-colibri-id=\"8-c18\" class=\"d-block style-386 style-local-8-c18 position-relative h-element\">\n                  <!---->\n                  <div class=\"h-image__frame-container-outer\">\n                    <div class=\"h-image__frame-container\">\n                      <!---->\n                      <!---->\n                      <img loading=\"lazy\" decoding=\"async\" width=\"2560\" height=\"1818\" src=\"http:\/\/fsaktkh.cluster100.hosting.ovh.net\/wp-content\/uploads\/2025\/11\/DIPLOME-App-technique-scaled.jpg\" class=\"wp-image-199 style-386-image style-local-8-c18-image\" alt=\"\" srcset=\"https:\/\/www.equic-ethologie.fr\/wp-content\/uploads\/2025\/11\/DIPLOME-App-technique-scaled.jpg 2560w, https:\/\/www.equic-ethologie.fr\/wp-content\/uploads\/2025\/11\/DIPLOME-App-technique-300x213.jpg 300w, https:\/\/www.equic-ethologie.fr\/wp-content\/uploads\/2025\/11\/DIPLOME-App-technique-1024x727.jpg 1024w, https:\/\/www.equic-ethologie.fr\/wp-content\/uploads\/2025\/11\/DIPLOME-App-technique-768x545.jpg 768w, https:\/\/www.equic-ethologie.fr\/wp-content\/uploads\/2025\/11\/DIPLOME-App-technique-1536x1091.jpg 1536w, https:\/\/www.equic-ethologie.fr\/wp-content\/uploads\/2025\/11\/DIPLOME-App-technique-2048x1455.jpg 2048w\" sizes=\"auto, (max-width: 2560px) 100vw, 2560px\" \/>\n                      <div class=\"h-image__frame h-hide-lg h-hide-md h-hide-sm style-386-frameImage style-local-8-c18-frameImage\"><\/div>\n                    <\/div>\n                  <\/div>\n                <\/div>\n                <div data-colibri-id=\"8-c19\" class=\"d-block style-387 style-local-8-c19 position-relative h-element\">\n                  <!---->\n                  <div class=\"h-image__frame-container-outer\">\n                    <div class=\"h-image__frame-container\">\n                      <!---->\n                      <!---->\n                      <img loading=\"lazy\" decoding=\"async\" width=\"965\" height=\"714\" src=\"http:\/\/fsaktkh.cluster100.hosting.ovh.net\/wp-content\/uploads\/2025\/11\/1724789586811.jpg\" class=\"wp-image-200 style-387-image style-local-8-c19-image\" alt=\"\" srcset=\"https:\/\/www.equic-ethologie.fr\/wp-content\/uploads\/2025\/11\/1724789586811.jpg 965w, https:\/\/www.equic-ethologie.fr\/wp-content\/uploads\/2025\/11\/1724789586811-300x222.jpg 300w, https:\/\/www.equic-ethologie.fr\/wp-content\/uploads\/2025\/11\/1724789586811-768x568.jpg 768w\" sizes=\"auto, (max-width: 965px) 100vw, 965px\" \/>\n                      <div class=\"h-image__frame h-hide-lg h-hide-md h-hide-sm style-387-frameImage style-local-8-c19-frameImage\"><\/div>\n                    <\/div>\n                  <\/div>\n                <\/div>\n              <\/div>\n            <\/div>\n          <\/div>\n        <\/div>\n      <\/div>\n    <\/div>\n  <\/div>\n<\/div>","protected":false},"excerpt":{"rendered":"<p>Moi c&rsquo;est Camille Courtin, comme beaucoup je commence l&rsquo;\u00e9quitation petite fille, en centre [&hellip;]<\/p>\n","protected":false},"author":1,"featured_media":0,"parent":0,"menu_order":0,"comment_status":"closed","ping_status":"closed","template":"page-templates\/full-width-page.php","meta":{"footnotes":""},"class_list":["post-8","page","type-page","status-publish","hentry"],"_links":{"self":[{"href":"https:\/\/www.equic-ethologie.fr\/index.php\/wp-json\/wp\/v2\/pages\/8","targetHints":{"allow":["GET"]}}],"collection":[{"href":"https:\/\/www.equic-ethologie.fr\/index.php\/wp-json\/wp\/v2\/pages"}],"about":[{"href":"https:\/\/www.equic-ethologie.fr\/index.php\/wp-json\/wp\/v2\/types\/page"}],"author":[{"embeddable":true,"href":"https:\/\/www.equic-ethologie.fr\/index.php\/wp-json\/wp\/v2\/users\/1"}],"replies":[{"embeddable":true,"href":"https:\/\/www.equic-ethologie.fr\/index.php\/wp-json\/wp\/v2\/comments?post=8"}],"version-history":[{"count":4,"href":"https:\/\/www.equic-ethologie.fr\/index.php\/wp-json\/wp\/v2\/pages\/8\/revisions"}],"predecessor-version":[{"id":202,"href":"https:\/\/www.equic-ethologie.fr\/index.php\/wp-json\/wp\/v2\/pages\/8\/revisions\/202"}],"wp:attachment":[{"href":"https:\/\/www.equic-ethologie.fr\/index.php\/wp-json\/wp\/v2\/media?parent=8"}],"curies":[{"name":"wp","href":"https:\/\/api.w.org\/{rel}","templated":true}]}}